{"id":12,"date":"2025-06-14T12:16:34","date_gmt":"2025-06-14T12:16:34","guid":{"rendered":"https:\/\/silver-toad-639758.hostingersite.com\/?page_id=12"},"modified":"2025-06-28T16:21:42","modified_gmt":"2025-06-28T16:21:42","slug":"historii","status":"publish","type":"page","link":"https:\/\/laswarmegas.pl\/en\/historii\/","title":{"rendered":"History of this place"},"content":{"rendered":"<div data-elementor-type=\"wp-page\" data-elementor-id=\"12\" class=\"elementor elementor-12\">\n\t\t\t\t<div class=\"elementor-element elementor-element-b65c199 e-flex e-con-boxed wpr-particle-no wpr-jarallax-no wpr-parallax-no wpr-sticky-section-no e-con e-parent\" data-id=\"b65c199\" data-element_type=\"container\" data-settings=\"{&quot;background_background&quot;:&quot;classic&quot;}\">\n\t\t\t\t\t<div class=\"e-con-inner\">\n\t\t<div class=\"elementor-element elementor-element-06d192b e-con-full e-flex wpr-particle-no wpr-jarallax-no wpr-parallax-no wpr-sticky-section-no e-con e-child\" data-id=\"06d192b\" data-element_type=\"container\">\n\t\t\t\t<div class=\"elementor-element elementor-element-119b5f4 elementor-widget elementor-widget-spacer\" data-id=\"119b5f4\" data-element_type=\"widget\" data-widget_type=\"spacer.default\">\n\t\t\t\t<div class=\"elementor-widget-container\">\n\t\t\t\t\t\t\t<div class=\"elementor-spacer\">\n\t\t\t<div class=\"elementor-spacer-inner\"><\/div>\n\t\t<\/div>\n\t\t\t\t\t\t<\/div>\n\t\t\t\t<\/div>\n\t\t\t\t<div class=\"elementor-element elementor-element-e7a5769 elementor-widget elementor-widget-heading\" data-id=\"e7a5769\" data-element_type=\"widget\" data-widget_type=\"heading.default\">\n\t\t\t\t<div class=\"elementor-widget-container\">\n\t\t\t\t\t<h2 class=\"elementor-heading-title elementor-size-default\">History of this place <br>+ about us<\/h2>\t\t\t\t<\/div>\n\t\t\t\t<\/div>\n\t\t\t\t<\/div>\n\t\t\t\t\t<\/div>\n\t\t\t\t<\/div>\n\t\t<div class=\"elementor-element elementor-element-727b2d1 e-flex e-con-boxed wpr-particle-no wpr-jarallax-no wpr-parallax-no wpr-sticky-section-no e-con e-parent\" data-id=\"727b2d1\" data-element_type=\"container\" data-settings=\"{&quot;background_background&quot;:&quot;classic&quot;}\">\n\t\t\t\t\t<div class=\"e-con-inner\">\n\t\t\t\t<div class=\"elementor-element elementor-element-1bec007 elementor-widget-divider--view-line_icon elementor-view-default elementor-widget-divider--element-align-center elementor-widget elementor-widget-divider\" data-id=\"1bec007\" data-element_type=\"widget\" data-widget_type=\"divider.default\">\n\t\t\t\t<div class=\"elementor-widget-container\">\n\t\t\t\t\t\t\t<div class=\"elementor-divider\">\n\t\t\t<span class=\"elementor-divider-separator\">\n\t\t\t\t\t\t\t<div class=\"elementor-icon elementor-divider__element\">\n\t\t\t\t\t<svg aria-hidden=\"true\" class=\"e-font-icon-svg e-fas-book-open\" viewbox=\"0 0 576 512\" xmlns=\"http:\/\/www.w3.org\/2000\/svg\"><path d=\"M542.22 32.05c-54.8 3.11-163.72 14.43-230.96 55.59-4.64 2.84-7.27 7.89-7.27 13.17v363.87c0 11.55 12.63 18.85 23.28 13.49 69.18-34.82 169.23-44.32 218.7-46.92 16.89-.89 30.02-14.43 30.02-30.66V62.75c.01-17.71-15.35-31.74-33.77-30.7zM264.73 87.64C197.5 46.48 88.58 35.17 33.78 32.05 15.36 31.01 0 45.04 0 62.75V400.6c0 16.24 13.13 29.78 30.02 30.66 49.49 2.6 149.59 12.11 218.77 46.95 10.62 5.35 23.21-1.94 23.21-13.46V100.63c0-5.29-2.62-10.14-7.27-12.99z\"><\/path><\/svg><\/div>\n\t\t\t\t\t\t<\/span>\n\t\t<\/div>\n\t\t\t\t\t\t<\/div>\n\t\t\t\t<\/div>\n\t\t\t\t\t<\/div>\n\t\t\t\t<\/div>\n\t\t<div class=\"elementor-element elementor-element-9abf8dd e-flex e-con-boxed wpr-particle-no wpr-jarallax-no wpr-parallax-no wpr-sticky-section-no e-con e-parent\" data-id=\"9abf8dd\" data-element_type=\"container\" data-settings=\"{&quot;background_background&quot;:&quot;classic&quot;}\">\n\t\t\t\t\t<div class=\"e-con-inner\">\n\t\t\t\t<div class=\"elementor-element elementor-element-342146c elementor-widget elementor-widget-text-editor\" data-id=\"342146c\" data-element_type=\"widget\" data-widget_type=\"text-editor.default\">\n\t\t\t\t<div class=\"elementor-widget-container\">\n\t\t\t\t\t\t\t\t\t<p><span style=\"color: #000000;\">We spent over 20 years in the land of the Vikings \u2013 Iceland, where the wind blows freely and trees are more of a rarity than a standard part of the landscape. After such a lesson in minimalism and nature, we longed for something different. That\u2019s how we ended up in a place where the forest doesn\u2019t begin at the horizon, but just outside the window.\n\nOn the other hand, we\u2019ve always had a passion for parties with a microphone in hand. Karaoke, bonfires, singing till morning \u2013 that was our element. And just like we love listening to people with talent, we also deeply respect those who never gave up and kept trying. In a typical Polish home party, the phone goes silent \u2013 it rings, and suddenly the harshest vocal judges appear. At our place? The nearest neighbors are over half a kilometer away, so they not only don\u2019t judge us, but often ask to hear our setlist.\n\nThat\u2019s how the idea for Las Warmegas was born \u2013 with cheese, distance, and character. Kind of like Las Vegas (but with a stork instead of a casino), with a party vibe, but with comfort and high standards.\n\nThis place was created for people who want to relax their way \u2013 in a jacuzzi, with a microphone, in a sauna, or with a glass of something cold and sparkling.\n\nGDPR applies, of course, but we prefer the extended version:\n\u201cWhat happens in Warmegas, stays in Warmegas\u201d \u2013 and nobody asks for details. \ud83d\ude0f\n\nAs for the history of this place\u2026 Let\u2019s add that before it came into our hands, the property served entirely different purposes \u2013 supposedly a few years ago it housed a plantation of herbs\u2026 let\u2019s just say it could\u2019ve easily been a museum of hemp technology. Maybe one day we\u2019ll open a Regional Museum of Sleeping Herbs\u2122? The fact is, this house has always been associated with providing good vibes for parties \u2013 just in a different form.<\/span><\/p><p><span style=\"color: #000000;\">Z drugiej strony, zawsze mieli\u015bmy s\u0142abo\u015b\u0107 do imprez z mikrofonem w r\u0119ku. Karaoke, ognisko, \u015bpiewy do rana \u2013 to\u00a0<span class=\"gmail_default\">byl\u00a0<\/span>nasz \u017cywio\u0142. I tak jak uwielbiamy s\u0142ucha\u0107 ludzi z talentem, tak samo szanujemy tych, kt\u00f3rym go nie starczy\u0142o, ale nie przestali pr\u00f3bowa\u0107. W typowym polskim domu po 23:00 pojawia si\u0119 problem \u2013 dzwoni s\u0105siad, a potem pojawia si\u0119 policja jako najwy\u017csi arbitrowie wokalnej jako\u015bci. U nas? Najbli\u017csi s\u0105siedzi s\u0105 ponad p\u00f3\u0142 kilometra dalej, wi\u0119c nie tylko nie s\u0142ysz\u0105, ale i nie s\u0105 zmuszeni ocenia\u0107 repertuaru.<\/span><\/p><p><span style=\"color: #000000;\">Tak powsta\u0142 pomys\u0142 na Las Warmegas \u2013 dom z sercem, dom z dystansem, dom z charakterem. Troch\u0119 jak Las Vegas (tylko z bocianem zamiast kasyna), z imprezowym klimatem, ale i komfortem na wysokim poziomie.<\/span><\/p><p><span style=\"color: #000000;\">To miejsce stworzyli\u015bmy z my\u015bl\u0105 o ludziach, kt\u00f3rzy chc\u0105 odpocz\u0105\u0107 po swojemu \u2013 w jacuzzi, z mikrofonem, w saunie albo z kieliszkiem czego\u015b zimnego pod gwiazdami.<\/span><\/p><p><span style=\"color: #000000;\">RODO obowi\u0105zuje, ale my preferujemy wersj\u0119 rozszerzon\u0105:<br \/>\u201eCo si\u0119 dzieje w Warmegas, zostaje w Warmegas\u201d \u2013 i nikt nie pyta o szczeg\u00f3\u0142y \ud83d\ude09<\/span><\/p><div><span style=\"color: #000000;\">A propos historii tego miejsca&#8230; Dodamy jeszcze, \u017ce zanim przesz\u0142o w nasze r\u0119ce, nieruchomo\u015b\u0107 s\u0142u\u017cy\u0142a zupe\u0142nie innym celom \u2013 podobno przez kilka lat dzia\u0142a\u0142a tu plantacja marihuany. Instalacje techniczne w piwnicy to nadal niemal muzeum techniki konopnej. Mo\u017ce kiedy\u015b powstanie tu \u201e Muzeum\u00a0<span class=\"gmail_default\">Specjalnych Ziol Regionalnych<\/span>\u201d? A na razie to po prostu dow\u00f3d, \u017ce ten dom zawsze by\u0142 zwi\u0105zany z dostarczaniem dobrego nastroju na imprezy \u2013 w takiej czy innej formie.<\/span>\u00a0<\/div>\t\t\t\t\t\t\t\t<\/div>\n\t\t\t\t<\/div>\n\t\t\t\t\t<\/div>\n\t\t\t\t<\/div>\n\t\t\t\t<\/div>","protected":false},"excerpt":{"rendered":"<p>Historia tego miejsca + o nas Sp\u0119dzili\u015bmy ponad 20 lat w kraju Wiking\u00f3w \u2013 Islandii, gdzie wiatr hula bez oporu, a drzewo to raczej rarytas ni\u017c standard krajobrazu. Po takiej lekcji minimalizmu przyrody, zapragn\u0119li\u015bmy czego\u015b odwrotnego. Dlatego wyl\u0105dowali\u015bmy w miejscu, gdzie las nie zaczyna si\u0119 za horyzontem, tylko tu\u017c za p\u0142otem. Z drugiej strony, zawsze mieli\u015bmy s\u0142abo\u015b\u0107 do imprez z mikrofonem w r\u0119ku. Karaoke, ognisko, \u015bpiewy do rana \u2013 to\u00a0byl\u00a0nasz \u017cywio\u0142. I tak jak uwielbiamy s\u0142ucha\u0107 ludzi z talentem, tak samo szanujemy tych, kt\u00f3rym go nie starczy\u0142o, ale nie przestali pr\u00f3bowa\u0107. W typowym polskim domu po 23:00 pojawia si\u0119 problem \u2013 dzwoni s\u0105siad, a potem pojawia si\u0119 policja jako najwy\u017csi arbitrowie wokalnej jako\u015bci. U nas? Najbli\u017csi s\u0105siedzi s\u0105 ponad p\u00f3\u0142 kilometra dalej, wi\u0119c nie tylko nie s\u0142ysz\u0105, ale i nie s\u0105 zmuszeni ocenia\u0107 repertuaru. Tak powsta\u0142 pomys\u0142 na Las Warmegas \u2013 dom z sercem, dom z dystansem, dom z charakterem. Troch\u0119 jak Las Vegas (tylko z bocianem zamiast kasyna), z imprezowym klimatem, ale i komfortem na wysokim poziomie. To miejsce stworzyli\u015bmy z my\u015bl\u0105 o ludziach, kt\u00f3rzy chc\u0105 odpocz\u0105\u0107 po swojemu \u2013 w jacuzzi, z mikrofonem, w saunie albo z kieliszkiem czego\u015b zimnego pod gwiazdami. RODO obowi\u0105zuje, ale my preferujemy wersj\u0119 rozszerzon\u0105:\u201eCo si\u0119 dzieje w Warmegas, zostaje w Warmegas\u201d \u2013 i nikt nie pyta o szczeg\u00f3\u0142y \ud83d\ude09 A propos historii tego miejsca&#8230; Dodamy jeszcze, \u017ce zanim przesz\u0142o w nasze r\u0119ce, nieruchomo\u015b\u0107 s\u0142u\u017cy\u0142a zupe\u0142nie innym celom \u2013 podobno przez kilka lat dzia\u0142a\u0142a tu plantacja marihuany. Instalacje techniczne w piwnicy to nadal niemal muzeum techniki konopnej. Mo\u017ce kiedy\u015b powstanie tu \u201e Muzeum\u00a0Specjalnych Ziol Regionalnych\u201d? A na razie to po prostu dow\u00f3d, \u017ce ten dom zawsze by\u0142 zwi\u0105zany z dostarczaniem dobrego nastroju na imprezy \u2013 w takiej czy innej formie.\u00a0<\/p>","protected":false},"author":1,"featured_media":0,"parent":0,"menu_order":0,"comment_status":"closed","ping_status":"closed","template":"","meta":{"inline_featured_image":false,"ocean_post_layout":"full-screen","ocean_both_sidebars_style":"","ocean_both_sidebars_content_width":0,"ocean_both_sidebars_sidebars_width":0,"ocean_sidebar":"","ocean_second_sidebar":"","ocean_disable_margins":"enable","ocean_add_body_class":"","ocean_shortcode_before_top_bar":"","ocean_shortcode_after_top_bar":"","ocean_shortcode_before_header":"","ocean_shortcode_after_header":"","ocean_has_shortcode":"","ocean_shortcode_after_title":"","ocean_shortcode_before_footer_widgets":"","ocean_shortcode_after_footer_widgets":"","ocean_shortcode_before_footer_bottom":"","ocean_shortcode_after_footer_bottom":"","ocean_display_top_bar":"off","ocean_display_header":"default","ocean_header_style":"transparent","ocean_center_header_left_menu":"","ocean_custom_header_template":"","ocean_custom_logo":0,"ocean_custom_retina_logo":0,"ocean_custom_logo_max_width":0,"ocean_custom_logo_tablet_max_width":0,"ocean_custom_logo_mobile_max_width":0,"ocean_custom_logo_max_height":0,"ocean_custom_logo_tablet_max_height":0,"ocean_custom_logo_mobile_max_height":0,"ocean_header_custom_menu":"","ocean_menu_typo_font_family":"","ocean_menu_typo_font_subset":"","ocean_menu_typo_font_size":0,"ocean_menu_typo_font_size_tablet":0,"ocean_menu_typo_font_size_mobile":0,"ocean_menu_typo_font_size_unit":"px","ocean_menu_typo_font_weight":"","ocean_menu_typo_font_weight_tablet":"","ocean_menu_typo_font_weight_mobile":"","ocean_menu_typo_transform":"","ocean_menu_typo_transform_tablet":"","ocean_menu_typo_transform_mobile":"","ocean_menu_typo_line_height":0,"ocean_menu_typo_line_height_tablet":0,"ocean_menu_typo_line_height_mobile":0,"ocean_menu_typo_line_height_unit":"","ocean_menu_typo_spacing":0,"ocean_menu_typo_spacing_tablet":0,"ocean_menu_typo_spacing_mobile":0,"ocean_menu_typo_spacing_unit":"","ocean_menu_link_color":"","ocean_menu_link_color_hover":"","ocean_menu_link_color_active":"","ocean_menu_link_background":"","ocean_menu_link_hover_background":"","ocean_menu_link_active_background":"","ocean_menu_social_links_bg":"","ocean_menu_social_hover_links_bg":"","ocean_menu_social_links_color":"","ocean_menu_social_hover_links_color":"","ocean_disable_title":"on","ocean_disable_heading":"default","ocean_post_title":"","ocean_post_subheading":"","ocean_post_title_style":"","ocean_post_title_background_color":"","ocean_post_title_background":0,"ocean_post_title_bg_image_position":"","ocean_post_title_bg_image_attachment":"","ocean_post_title_bg_image_repeat":"","ocean_post_title_bg_image_size":"","ocean_post_title_height":0,"ocean_post_title_bg_overlay":0.5,"ocean_post_title_bg_overlay_color":"","ocean_disable_breadcrumbs":"default","ocean_breadcrumbs_color":"","ocean_breadcrumbs_separator_color":"","ocean_breadcrumbs_links_color":"","ocean_breadcrumbs_links_hover_color":"","ocean_display_footer_widgets":"default","ocean_display_footer_bottom":"default","ocean_custom_footer_template":"","footnotes":""},"class_list":["post-12","page","type-page","status-publish","hentry","entry"],"_links":{"self":[{"href":"https:\/\/laswarmegas.pl\/en\/wp-json\/wp\/v2\/pages\/12","targetHints":{"allow":["GET"]}}],"collection":[{"href":"https:\/\/laswarmegas.pl\/en\/wp-json\/wp\/v2\/pages"}],"about":[{"href":"https:\/\/laswarmegas.pl\/en\/wp-json\/wp\/v2\/types\/page"}],"author":[{"embeddable":true,"href":"https:\/\/laswarmegas.pl\/en\/wp-json\/wp\/v2\/users\/1"}],"replies":[{"embeddable":true,"href":"https:\/\/laswarmegas.pl\/en\/wp-json\/wp\/v2\/comments?post=12"}],"version-history":[{"count":17,"href":"https:\/\/laswarmegas.pl\/en\/wp-json\/wp\/v2\/pages\/12\/revisions"}],"predecessor-version":[{"id":512,"href":"https:\/\/laswarmegas.pl\/en\/wp-json\/wp\/v2\/pages\/12\/revisions\/512"}],"wp:attachment":[{"href":"https:\/\/laswarmegas.pl\/en\/wp-json\/wp\/v2\/media?parent=12"}],"curies":[{"name":"wp","href":"https:\/\/api.w.org\/{rel}","templated":true}]}}